{"id":124,"date":"2020-07-05T16:55:37","date_gmt":"2020-07-05T16:55:37","guid":{"rendered":"https:\/\/bridge379.qodeinteractive.com\/?page_id=124"},"modified":"2023-04-14T09:42:10","modified_gmt":"2023-04-14T09:42:10","slug":"contact","status":"publish","type":"page","link":"https:\/\/fernandapalma.com\/index.php\/contact\/","title":{"rendered":"Contacto"},"content":{"rendered":"\t\t<div data-elementor-type=\"wp-page\" data-elementor-id=\"124\" class=\"elementor elementor-124\">\n\t\t\t\t\t\t\t\t\t<section class=\"elementor-section elementor-top-section elementor-element elementor-element-9f2067d elementor-section-full_width qode_elementor_container_inner elementor-section-height-default elementor-section-height-default parallax_section_no\" data-id=\"9f2067d\" data-element_type=\"section\">\n\t\t\t\t\t\t<div class=\"elementor-container elementor-column-gap-default\">\n\t\t\t\t\t<div class=\"elementor-column elementor-col-33 elementor-top-column elementor-element elementor-element-1522959\" data-id=\"1522959\" data-element_type=\"column\">\n\t\t\t<div class=\"elementor-widget-wrap\">\n\t\t\t\t\t\t\t\t\t<\/div>\n\t\t<\/div>\n\t\t\t\t<div class=\"elementor-column elementor-col-33 elementor-top-column elementor-element elementor-element-233c77b\" data-id=\"233c77b\" data-element_type=\"column\">\n\t\t\t<div class=\"elementor-widget-wrap elementor-element-populated\">\n\t\t\t\t\t\t\t\t<div class=\"elementor-element elementor-element-d007df5 elementor-widget elementor-widget-heading\" data-id=\"d007df5\" data-element_type=\"widget\" data-widget_type=\"heading.default\">\n\t\t\t\t<div class=\"elementor-widget-container\">\n\t\t\t<style>\/*! elementor - v3.16.0 - 20-09-2023 *\/\n.elementor-heading-title{padding:0;margin:0;line-height:1}.elementor-widget-heading .elementor-heading-title[class*=elementor-size-]>a{color:inherit;font-size:inherit;line-height:inherit}.elementor-widget-heading .elementor-heading-title.elementor-size-small{font-size:15px}.elementor-widget-heading .elementor-heading-title.elementor-size-medium{font-size:19px}.elementor-widget-heading .elementor-heading-title.elementor-size-large{font-size:29px}.elementor-widget-heading .elementor-heading-title.elementor-size-xl{font-size:39px}.elementor-widget-heading .elementor-heading-title.elementor-size-xxl{font-size:59px}<\/style><h6 class=\"elementor-heading-title elementor-size-default\">Es el momento de contactarme<\/h6>\t\t<\/div>\n\t\t\t\t<\/div>\n\t\t\t\t<div class=\"elementor-element elementor-element-0fb685f elementor-widget elementor-widget-spacer\" data-id=\"0fb685f\" data-element_type=\"widget\" data-widget_type=\"spacer.default\">\n\t\t\t\t<div class=\"elementor-widget-container\">\n\t\t\t<style>\/*! elementor - v3.16.0 - 20-09-2023 *\/\n.elementor-column .elementor-spacer-inner{height:var(--spacer-size)}.e-con{--container-widget-width:100%}.e-con-inner>.elementor-widget-spacer,.e-con>.elementor-widget-spacer{width:var(--container-widget-width,var(--spacer-size));--align-self:var(--container-widget-align-self,initial);--flex-shrink:0}.e-con-inner>.elementor-widget-spacer>.elementor-widget-container,.e-con>.elementor-widget-spacer>.elementor-widget-container{height:100%;width:100%}.e-con-inner>.elementor-widget-spacer>.elementor-widget-container>.elementor-spacer,.e-con>.elementor-widget-spacer>.elementor-widget-container>.elementor-spacer{height:100%}.e-con-inner>.elementor-widget-spacer>.elementor-widget-container>.elementor-spacer>.elementor-spacer-inner,.e-con>.elementor-widget-spacer>.elementor-widget-container>.elementor-spacer>.elementor-spacer-inner{height:var(--container-widget-height,var(--spacer-size))}.e-con-inner>.elementor-widget-spacer.elementor-widget-empty,.e-con>.elementor-widget-spacer.elementor-widget-empty{position:relative;min-height:22px;min-width:22px}.e-con-inner>.elementor-widget-spacer.elementor-widget-empty .elementor-widget-empty-icon,.e-con>.elementor-widget-spacer.elementor-widget-empty .elementor-widget-empty-icon{position:absolute;top:0;bottom:0;left:0;right:0;margin:auto;padding:0;width:22px;height:22px}<\/style>\t\t<div class=\"elementor-spacer\">\n\t\t\t<div class=\"elementor-spacer-inner\"><\/div>\n\t\t<\/div>\n\t\t\t\t<\/div>\n\t\t\t\t<\/div>\n\t\t\t\t<div class=\"elementor-element elementor-element-58dc6f0 elementor-widget elementor-widget-heading\" data-id=\"58dc6f0\" data-element_type=\"widget\" data-widget_type=\"heading.default\">\n\t\t\t\t<div class=\"elementor-widget-container\">\n\t\t\t<h4 class=\"elementor-heading-title elementor-size-default\">\u00bfHablamos?<\/h4>\t\t<\/div>\n\t\t\t\t<\/div>\n\t\t\t\t<div class=\"elementor-element elementor-element-ffc6575 animated-slow elementor-widget elementor-widget-image\" data-id=\"ffc6575\" data-element_type=\"widget\" data-settings=\"{&quot;_animation&quot;:&quot;none&quot;}\" data-widget_type=\"image.default\">\n\t\t\t\t<div class=\"elementor-widget-container\">\n\t\t\t<style>\/*! elementor - v3.16.0 - 20-09-2023 *\/\n.elementor-widget-image{text-align:center}.elementor-widget-image a{display:inline-block}.elementor-widget-image a img[src$=\".svg\"]{width:48px}.elementor-widget-image img{vertical-align:middle;display:inline-block}<\/style>\t\t\t\t\t\t\t\t\t\t\t\t<img loading=\"lazy\" decoding=\"async\" width=\"215\" height=\"28\" src=\"https:\/\/fernandapalma.com\/wp-content\/uploads\/2020\/07\/home-graphic-1.png\" class=\"attachment-full size-full wp-image-19\" alt=\"f\" \/>\t\t\t\t\t\t\t\t\t\t\t\t\t\t\t<\/div>\n\t\t\t\t<\/div>\n\t\t\t\t<div class=\"elementor-element elementor-element-b224d62 elementor-widget elementor-widget-spacer\" data-id=\"b224d62\" data-element_type=\"widget\" data-widget_type=\"spacer.default\">\n\t\t\t\t<div class=\"elementor-widget-container\">\n\t\t\t\t\t<div class=\"elementor-spacer\">\n\t\t\t<div class=\"elementor-spacer-inner\"><\/div>\n\t\t<\/div>\n\t\t\t\t<\/div>\n\t\t\t\t<\/div>\n\t\t\t\t<div class=\"elementor-element elementor-element-c2963f1 elementor-widget__width-initial elementor-widget elementor-widget-text-editor\" data-id=\"c2963f1\" data-element_type=\"widget\" data-widget_type=\"text-editor.default\">\n\t\t\t\t<div class=\"elementor-widget-container\">\n\t\t\t<style>\/*! elementor - v3.16.0 - 20-09-2023 *\/\n.elementor-widget-text-editor.elementor-drop-cap-view-stacked .elementor-drop-cap{background-color:#69727d;color:#fff}.elementor-widget-text-editor.elementor-drop-cap-view-framed .elementor-drop-cap{color:#69727d;border:3px solid;background-color:transparent}.elementor-widget-text-editor:not(.elementor-drop-cap-view-default) .elementor-drop-cap{margin-top:8px}.elementor-widget-text-editor:not(.elementor-drop-cap-view-default) .elementor-drop-cap-letter{width:1em;height:1em}.elementor-widget-text-editor .elementor-drop-cap{float:left;text-align:center;line-height:1;font-size:50px}.elementor-widget-text-editor .elementor-drop-cap-letter{display:inline-block}<\/style>\t\t\t\t<div class=\"elementor-element elementor-element-37e3911 elementor-widget__width-initial elementor-widget elementor-widget-text-editor\" data-id=\"37e3911\" data-element_type=\"widget\" data-widget_type=\"text-editor.default\"><div class=\"elementor-widget-container\"><div class=\"page\" title=\"Page 9\"><div class=\"section\"><div class=\"layoutArea\"><div class=\"column\"><div dir=\"auto\"><div><div title=\"Page 9\"><div><div><div><p dir=\"auto\">\u00bfTienes preguntas acerca de alg\u00fan programa o fechas de aperturas? Mi equipo y yo estaremos encantadas de atenderte.<\/p><p dir=\"auto\">Escri\u0301benos a\u00a0<strong><a href=\"mailto:hola@fernandapalma.com\" target=\"_blank\" rel=\"noopener\">hola@fernandapalma.com<\/a>\u00a0<\/strong><\/p><p dir=\"auto\">\u00a0<\/p><p dir=\"auto\">Activemos la magia de la abundancia juntas,\u00a0<\/p><p dir=\"auto\">\u00a0<\/p><\/div><\/div><\/div><\/div><\/div><\/div><div dir=\"auto\"><div><div title=\"Page 9\"><div><div><div><p dir=\"auto\"><strong>\u00a1S\u00edgueme en las Redes Sociales!<\/strong><\/p><\/div><\/div><\/div><\/div><\/div><\/div><\/div><\/div><\/div><\/div><\/div><\/div>\t\t\t\t\t\t<\/div>\n\t\t\t\t<\/div>\n\t\t\t\t<div class=\"elementor-element elementor-element-3b4b249 elementor-widget__width-initial elementor-widget elementor-widget-bridge_social_icons\" data-id=\"3b4b249\" data-element_type=\"widget\" data-widget_type=\"bridge_social_icons.default\">\n\t\t\t\t<div class=\"elementor-widget-container\">\n\t\t\t<span class='q_social_icon_holder circle_social' data-color=#FFFFFF data-hover-color=#54595F><a itemprop='url' href='https:\/\/www.facebook.com\/fer.palma.lopez\/' target='_blank'><span class='fa-stack fa-lg' style='background-color: #FAAFAA;'><i class=\"qode_icon_font_awesome fa fa-facebook \" style=\"color: #FFFFFF;\" ><\/i><\/span><\/a><\/span>\t\t<\/div>\n\t\t\t\t<\/div>\n\t\t\t\t<div class=\"elementor-element elementor-element-9235f4d elementor-widget__width-initial elementor-widget elementor-widget-bridge_social_icons\" data-id=\"9235f4d\" data-element_type=\"widget\" data-widget_type=\"bridge_social_icons.default\">\n\t\t\t\t<div class=\"elementor-widget-container\">\n\t\t\t<span class='q_social_icon_holder circle_social' data-color=#FFFFFF data-hover-color=#54595F><a itemprop='url' href='https:\/\/www.instagram.com\/fer.palma.lopez\/' target='_blank'><span class='fa-stack fa-lg' style='background-color: #FAAFAA;'><i class=\"qode_icon_font_awesome fa fa-instagram \" style=\"color: #FFFFFF;\" ><\/i><\/span><\/a><\/span>\t\t<\/div>\n\t\t\t\t<\/div>\n\t\t\t\t<div class=\"elementor-element elementor-element-ce4eeac elementor-widget elementor-widget-spacer\" data-id=\"ce4eeac\" data-element_type=\"widget\" data-widget_type=\"spacer.default\">\n\t\t\t\t<div class=\"elementor-widget-container\">\n\t\t\t\t\t<div class=\"elementor-spacer\">\n\t\t\t<div class=\"elementor-spacer-inner\"><\/div>\n\t\t<\/div>\n\t\t\t\t<\/div>\n\t\t\t\t<\/div>\n\t\t\t\t<div class=\"elementor-element elementor-element-d99a950 elementor-widget elementor-widget-text-editor\" data-id=\"d99a950\" data-element_type=\"widget\" data-widget_type=\"text-editor.default\">\n\t\t\t\t<div class=\"elementor-widget-container\">\n\t\t\t\t\t\t\t<p>Si deseas conocer m\u00e1s sobre c\u00f3mo manifestar y c\u00f3mo vivir en abundancia te invito a <strong>Susbcribirte a mi canal&#8230;<\/strong><\/p>\t\t\t\t\t\t<\/div>\n\t\t\t\t<\/div>\n\t\t\t\t<div class=\"elementor-element elementor-element-f08a2bc elementor-widget__width-initial elementor-widget elementor-widget-bridge_social_icons\" data-id=\"f08a2bc\" data-element_type=\"widget\" data-widget_type=\"bridge_social_icons.default\">\n\t\t\t\t<div class=\"elementor-widget-container\">\n\t\t\t<span class='q_social_icon_holder circle_social' data-color=#FFFFFF data-hover-color=#54595F><a itemprop='url' href='https:\/\/www.youtube.com\/channel\/UCZQ5ACBBRG7ZMvG_FwpZjTQ\/featured' target='_blank'><span class='fa-stack fa-lg' style='background-color: #FAAFAA;'><i class=\"qode_icon_font_awesome fa fa-youtube-play \" style=\"color: #FFFFFF;\" ><\/i><\/span><\/a><\/span>\t\t<\/div>\n\t\t\t\t<\/div>\n\t\t\t\t<div class=\"elementor-element elementor-element-e9eac98 elementor-widget elementor-widget-spacer\" data-id=\"e9eac98\" data-element_type=\"widget\" data-widget_type=\"spacer.default\">\n\t\t\t\t<div class=\"elementor-widget-container\">\n\t\t\t\t\t<div class=\"elementor-spacer\">\n\t\t\t<div class=\"elementor-spacer-inner\"><\/div>\n\t\t<\/div>\n\t\t\t\t<\/div>\n\t\t\t\t<\/div>\n\t\t\t\t\t<\/div>\n\t\t<\/div>\n\t\t\t\t<div class=\"elementor-column elementor-col-33 elementor-top-column elementor-element elementor-element-4754cde\" data-id=\"4754cde\" data-element_type=\"column\">\n\t\t\t<div class=\"elementor-widget-wrap elementor-element-populated\">\n\t\t\t\t\t\t\t\t<div class=\"elementor-element elementor-element-704730d elementor-widget__width-initial elementor-widget elementor-widget-image\" data-id=\"704730d\" data-element_type=\"widget\" data-widget_type=\"image.default\">\n\t\t\t\t<div class=\"elementor-widget-container\">\n\t\t\t\t\t\t\t\t\t\t\t\t\t\t\t<img loading=\"lazy\" decoding=\"async\" width=\"800\" height=\"1055\" src=\"https:\/\/fernandapalma.com\/wp-content\/uploads\/2023\/04\/contacto.jpg\" class=\"attachment-full size-full wp-image-1422\" alt=\"\" srcset=\"https:\/\/fernandapalma.com\/wp-content\/uploads\/2023\/04\/contacto.jpg 800w, https:\/\/fernandapalma.com\/wp-content\/uploads\/2023\/04\/contacto-227x300.jpg 227w, https:\/\/fernandapalma.com\/wp-content\/uploads\/2023\/04\/contacto-776x1024.jpg 776w, https:\/\/fernandapalma.com\/wp-content\/uploads\/2023\/04\/contacto-768x1013.jpg 768w, https:\/\/fernandapalma.com\/wp-content\/uploads\/2023\/04\/contacto-700x923.jpg 700w\" sizes=\"auto, (max-width: 800px) 100vw, 800px\" \/>\t\t\t\t\t\t\t\t\t\t\t\t\t\t\t<\/div>\n\t\t\t\t<\/div>\n\t\t\t\t\t<\/div>\n\t\t<\/div>\n\t\t\t\t\t\t\t<\/div>\n\t\t<\/section>\n\t\t\t\t<section class=\"elementor-section elementor-top-section elementor-element elementor-element-537de12c elementor-section-full_width elementor-section-height-default elementor-section-height-default parallax_section_no qode_elementor_container_no\" data-id=\"537de12c\" data-element_type=\"section\">\n\t\t\t\t\t\t<div class=\"elementor-container elementor-column-gap-default\">\n\t\t\t\t\t<div class=\"elementor-column elementor-col-100 elementor-top-column elementor-element elementor-element-2d660e7\" data-id=\"2d660e7\" data-element_type=\"column\">\n\t\t\t<div class=\"elementor-widget-wrap elementor-element-populated\">\n\t\t\t\t\t\t\t\t<div class=\"elementor-element elementor-element-4e921eb8 elementor-widget elementor-widget-bridge_image_gallery\" data-id=\"4e921eb8\" data-element_type=\"widget\" data-widget_type=\"bridge_image_gallery.default\">\n\t\t\t\t<div class=\"elementor-widget-container\">\n\t\t\t<div class=\"qode-image-gallery\"><div class=\"qode-image-gallery-inner\"><div class=\"qode-image-gallery-slides wpb_image_grid\" data-interval=\"\"data-control=\"false\"data-direction=\"false\"data-pause-on-hover=\"false\"data-drag=\"false\"><div class=\"gallery_holder\"><ul class=\"gallery_inner gallery_without_space  v6\"><li class=\"no_grayscale\"><img decoding=\"async\" itemprop=\"image\" src=\"https:\/\/fernandapalma.com\/wp-content\/uploads\/2023\/01\/ban07.jpg\" \/><\/li><li class=\"no_grayscale\"><img decoding=\"async\" itemprop=\"image\" src=\"https:\/\/fernandapalma.com\/wp-content\/uploads\/2023\/01\/ban01.jpg\" \/><\/li><li class=\"no_grayscale\"><img decoding=\"async\" itemprop=\"image\" src=\"https:\/\/fernandapalma.com\/wp-content\/uploads\/2023\/01\/ban06.jpg\" \/><\/li><li class=\"no_grayscale\"><img decoding=\"async\" itemprop=\"image\" src=\"https:\/\/fernandapalma.com\/wp-content\/uploads\/2023\/01\/ban04.jpg\" \/><\/li><li class=\"no_grayscale\"><img decoding=\"async\" itemprop=\"image\" src=\"https:\/\/fernandapalma.com\/wp-content\/uploads\/2023\/01\/ban05.jpg\" \/><\/li><li class=\"no_grayscale\"><img decoding=\"async\" itemprop=\"image\" src=\"https:\/\/fernandapalma.com\/wp-content\/uploads\/2023\/01\/ban02.jpg\" \/><\/li><\/ul><\/div><\/div><\/div><\/div>\t\t<\/div>\n\t\t\t\t<\/div>\n\t\t\t\t\t<\/div>\n\t\t<\/div>\n\t\t\t\t\t\t\t<\/div>\n\t\t<\/section>\n\t\t\t\t\t\t\t<\/div>\n\t\t","protected":false},"excerpt":{"rendered":"<p>Es el momento de contactarme \u00bfHablamos? \u00bfTienes preguntas acerca de alg\u00fan programa o fechas de aperturas? Mi equipo y yo estaremos encantadas de atenderte. Escri\u0301benos a\u00a0hola@fernandapalma.com\u00a0 \u00a0 Activemos la magia de la abundancia juntas,\u00a0 \u00a0 \u00a1S\u00edgueme en las Redes Sociales! Si deseas conocer m\u00e1s sobre&#8230;<\/p>\n","protected":false},"author":1,"featured_media":0,"parent":0,"menu_order":0,"comment_status":"closed","ping_status":"closed","template":"full_width.php","meta":{"footnotes":""},"class_list":["post-124","page","type-page","status-publish","hentry"],"_links":{"self":[{"href":"https:\/\/fernandapalma.com\/index.php\/wp-json\/wp\/v2\/pages\/124","targetHints":{"allow":["GET"]}}],"collection":[{"href":"https:\/\/fernandapalma.com\/index.php\/wp-json\/wp\/v2\/pages"}],"about":[{"href":"https:\/\/fernandapalma.com\/index.php\/wp-json\/wp\/v2\/types\/page"}],"author":[{"embeddable":true,"href":"https:\/\/fernandapalma.com\/index.php\/wp-json\/wp\/v2\/users\/1"}],"replies":[{"embeddable":true,"href":"https:\/\/fernandapalma.com\/index.php\/wp-json\/wp\/v2\/comments?post=124"}],"version-history":[{"count":0,"href":"https:\/\/fernandapalma.com\/index.php\/wp-json\/wp\/v2\/pages\/124\/revisions"}],"wp:attachment":[{"href":"https:\/\/fernandapalma.com\/index.php\/wp-json\/wp\/v2\/media?parent=124"}],"curies":[{"name":"wp","href":"https:\/\/api.w.org\/{rel}","templated":true}]}}